{"id":11245,"date":"2021-01-08T13:56:50","date_gmt":"2021-01-08T13:56:50","guid":{"rendered":"https:\/\/www.emydex.com\/new-zealand\/"},"modified":"2026-04-02T16:39:07","modified_gmt":"2026-04-02T15:39:07","slug":"new-zealand","status":"publish","type":"page","link":"https:\/\/www.emydex.com\/us\/our-markets\/new-zealand\/","title":{"rendered":"New Zealand"},"content":{"rendered":"\n\n\t<h1>Emydex<br \/>\nNew Zealand<\/h1>\n<h5>Sales, Implementation &amp; Support for Emydex Software Systems<\/h5>\n<h3>\n\t\t\tTrusted by Industry Leaders\t<\/h3>\n\t<p>Emydex Technology is a world-leading supplier of Factory Floor Software\u00a0systems to over 100 Meat, Fish and Food Processing companies around the globe, including processors based in Europe, Africa, North America and Australasia.<\/p>\n<p>For the past 5 years Emydex has been ranked by Deloitte as one of the Top 50 Fastest growing Technology companies in Ireland.<\/p>\n<p>Our Software suite includes a range of Production Control, Quality and Traceability reporting systems, that provide our customers with the real-time, accurate data they need to make food safer, and make better business decisions that drive profitability.<\/p>\n<p>In New Zealand our customers include some of the leading food processing companies including, but not limited to:<\/p>\n<ul>\n<li>Wilson Hellaby &#8211; Beef, Lamb, Pork &amp; Goat Processing, Auckland New Zealand<\/li>\n<li>Silver Fern Farms &#8211; Beef, Lamb &amp; Deer, Dunedin New Zealand<\/li>\n<li>Open Ocean Whakat\u014dhea Mussels &#8211; Mussels, \u014cp\u014dtiki, Bay of Plenty New Zealand<\/li>\n<\/ul>\n<h5>\n\t\t\tView Industry Solutions\t<\/h5>\n\t\t\t<a href=\"\/us\/industries\/beef-processing-software\/\"  target=\"_self\">\n\t\t\t\t\t\tBeef\n\t\t\t\t\t<\/a>\n\t\t\t<a href=\"\/us\/industries\/pork-processing-software\/\"  target=\"_self\">\n\t\t\t\t\t\tPork\n\t\t\t\t\t<\/a>\n\t\t\t<a href=\"\/us\/industries\/fish-seafood-processing-software\/\"  target=\"_self\">\n\t\t\t\t\t\tFish\n\t\t\t\t\t<\/a>\n\t\t\t<a href=\"\/us\/industries\/poultry-processing-software\/\"  target=\"_self\">\n\t\t\t\t\t\tPoultry\n\t\t\t\t\t<\/a>\n\t\t\t<a href=\"\/us\/industries\/lamb-processing-software\/\"  target=\"_self\">\n\t\t\t\t\t\tLamb\n\t\t\t\t\t<\/a>\n\t\t\t<a href=\"\/us\/industries\/cold-storage-processing-software\/\"  target=\"_self\">\n\t\t\t\t\t\tCold Storage\n\t\t\t\t\t<\/a>\n\t\t\t<a href=\"\/us\/industries\/further-processing-software\/\"  target=\"_self\">\n\t\t\t\t\t\tFurther Processing\n\t\t\t\t\t<\/a>\n\t\t\t<a href=\"\/us\/industries\/fresh-produce-processing-software\/\"  target=\"_self\">\n\t\t\t\t\t\tFresh Produce\n\t\t\t\t\t<\/a>\n\t\t\t<a href=\"\/us\/industries\/other-processing-software\/\"  target=\"_self\">\n\t\t\t\t\t\tOther Processing\n\t\t\t\t\t<\/a>\n\t\t\t<a href=\"\/us\/customers\/#customers\"  target=\"_self\">\n\t\t\t\t\t\tWorld View\n\t\t\t\t\t<\/a>\n\t<div class=\"map_wrapper\" id=\"map_wrapper_35649\">\n<div class=\"map_box\" style=\"max-width:2000px\">\n<div class=\"map_aspect_ratio\" style=\"padding-top:100%\" data-padding-top=\"100%\" data-padding-top-mobile=\"0%\">\n<div class=\"map_container\">\n<div class=\"map_render map_loading\" id=\"map_35649\"><\/div>\n<\/div>\n<\/div>\n<\/div>\n<\/div>\n<h3>\n\t\t\tSilver Fern Farms Testimonial\t<\/h3>\n\t<h5>&#8220;Feedback from Belfast has been very positive, and it&#8217;s great to have all site functions in one system as well as having timely access to important information for decision\u00a0making.&#8221;<\/h5>\n<h6>\n\t\t\tSimon Limmer, CEO, Silver Fern Farms\t<\/h6>\n<h2>\n\t\t\tA leading software provider\t<\/h2>\n\t<p>Australasia is a well-known food production region renowned its pure, high quality produce with world-class traceability and biosecurity systems. With Emydex&#8217;s core traceability systems and proven process efficiencies, Emydex has quickly become a leading MES supplier for food processors in Australia and New Zealand. With a support and development team based in\u00a0Auckland, New Zealand and\u00a0Brisbane, Australia, the Company is well-positioned to service the Australasian market and beyond.<\/p>\n<p>Customers have found that due to the modular design of the system coupled with its inherent flexibility, they have been able to implement individual modules such as livestock processing and payments or export sales and dispatch and to quickly achieve efficiencies whilst building a foundation for an integrated manufacturing solution that caters for all aspects of the manufacturing process. This results in an integrated system that manages the process from the supplier to the customer whilst ensuring food integrity and quality management.<\/p>\n<h3>\n\t\t\tLocal expertise\t<\/h3>\n\t<p>Our local team of industry experts can not only assist to implement the solution but also to provide &#8216;best practice&#8217; drawing not only on experience from the region but also from our European and North American customers and colleagues. This ensures our customers are at the forefront of new technological advances such as objective grading, materials management, automated chiller sortation and management which save labour and improves processes as well as having the information available in real-time to allow informed decisions to be made when needed rather than after the fact.<\/p>\n<p>Emydex&#8217;s systems are specifically tailored for the Australasian market with both regulatory e.g. NLIS, NAIT, official marks (stamps) and industry functionality such as export sales, foreign currency, livestock sale yard integration, whilst leveraging the large international customer base for emerging trends such as case ready, retail packing and advanced automation. An Emydex solution is truly a world-class solution for\u00a0New Zealand\u00a0food processors.<\/p>\n<h2>\n\t\t\tEmydex New Zealand Team\t<\/h2>\n\t<p>The team is led by Ian Carson and Hermien van den Berg.\u00a0\u00a0Ian has over 35 years&#8217; experience in the Food Industry and has International experience covering the UK, Southern Africa, Australia and New Zealand. Hermien\u00a0has 10 years&#8217; Project Management experience, leading project teams to achieve successful implementations throughout the project lifecycle.<\/p>\n<p>The Emydex Australasian team, based in Brisbane, Queensland,\u00a0and Auckland, New Zealand,\u00a0provide sales, implementation and support for Emydex software systems, and add significant value to the Emydex offering in the local market by providing for full turnkey solutions.\u00a0Between Brisbane,\u00a0Auckland\u00a0and Dublin support teams, Emydex can provide 24\/7 support to our customers who require such service.<\/p>\n\t\t\t\t<img decoding=\"async\" src=\"https:\/\/www.emydex.com\/wp-content\/uploads\/2020\/09\/Emydex-NewZealand-flag.jpg\" alt=\"Emydex New Zealand flag\" title=\"Emydex-New-Zealand-flag\" itemprop=\"image\"\/>\n\t\t<h3>Emydex New Zealand<\/h3>\t\t\t\n\tPO Box 11071,<br \/>\nEllerslie,<br \/>\nAuckland 1542<br \/>\nNew Zealand\n<p><a href=\"tel:0061731847600\">T: +61 7 3184 7600<\/a><\/p>\n\t\t\t\t<img decoding=\"async\" src=\"https:\/\/www.emydex.com\/wp-content\/uploads\/bb-plugin\/cache\/shane-bw-mh-circle.jpg\" alt=\"shane-bw-mh\" title=\"shane-bw-mh\" itemprop=\"image\"\/>\n\t\t\t<h5>General Manager<\/h5>\t\t\t\n\t\t\t\t<h5>Shane Hayes<\/h5>\n<h5><a href=\"https:\/\/www.linkedin.com\/in\/shane-hayes-01082857\/\" target=\"_blank\" rel=\"noopener\">LinkedIn<\/a><\/h5>\n\t\t\t\t<img decoding=\"async\" src=\"https:\/\/www.emydex.com\/wp-content\/uploads\/bb-plugin\/cache\/felsi_bw-1-circle.jpg\" alt=\"felsi_bw\" title=\"felsi_bw\" itemprop=\"image\"\/>\n\t\t\t<h5>Project Manager<\/h5>\t\t\t\n\t\t\t\t<h5>Felsi Lawrence<\/h5>\n<h5><a href=\"https:\/\/www.linkedin.com\/in\/felsi-judith-lawrence\/\" target=\"_blank\" rel=\"noopener\">LinkedIn<\/a><\/h5>\n\t<iframe loading=\"lazy\" src=\"https:\/\/www.google.com\/maps\/embed?pb=!1m18!1m12!1m3!1d25525.863549938178!2d174.79541805608153!3d-36.896736517127906!2m3!1f0!2f0!3f0!3m2!1i1024!2i768!4f13.1!3m3!1m2!1s0x6d0d48e2e4d930e9%3A0x500ef6143a2c1a0!2sEllerslie%2C%20Auckland%2C%20New%20Zealand!5e0!3m2!1sen!2sie!4v1617897321547!5m2!1sen!2sie\" width=\"600\" height=\"450\" allowfullscreen=\"\"aria-hidden=\"false\" tabindex=\"0\"><\/iframe>\n<h2>\n\t\t\tTrusted by industry leaders across Australia &#038; New Zealand\t<\/h2>\n<h6>\n\t\t\tOur Clients \/ Click on logo for case study\t<\/h6>\n\t\t\t\t\t\t\t\t\t\t\t\t\t\t<a href=\"https:\/\/www.emydex.com\/us\/customers\/sunpork\/\" target=\"_self\" title=\"SunPork Fresh Foods\">\n\t\t\t\t<img decoding=\"async\" src=\"https:\/\/www.emydex.com\/wp-content\/uploads\/2020\/06\/emydex-customer-logo-sunpork.png\" alt=\"\" \/>\n\t\t\t\t<\/a>\n\t\t\t\t\t\t\t\t\t\t\t\t\t\t<a href=\"https:\/\/www.emydex.com\/us\/customers\/wilson-hellaby\/\" target=\"_self\" title=\"Wilson Hellaby\">\n\t\t\t\t<img decoding=\"async\" src=\"https:\/\/www.emydex.com\/wp-content\/uploads\/2020\/06\/emydex-customer-logo-wilson-heallaby.png\" alt=\"\" \/>\n\t\t\t\t<\/a>\n\t\t\t\t\t\t\t\t\t\t\t\t\t\t<a href=\"https:\/\/www.emydex.com\/us\/customers\/oconnor-beef\/\" target=\"_self\" title=\"O&#8217;Connor Beef\">\n\t\t\t\t<img decoding=\"async\" src=\"https:\/\/www.emydex.com\/wp-content\/uploads\/2020\/06\/Emdyex-Client-Logo-o-connor.jpg\" alt=\"\" \/>\n\t\t\t\t<\/a>\n\t\t\t\t\t\t\t\t\t\t\t\t\t\t<a href=\"https:\/\/www.emydex.com\/us\/customers\/junee-lamb\/\" target=\"_self\" title=\"Junee Lamb\">\n\t\t\t\t<img decoding=\"async\" src=\"https:\/\/www.emydex.com\/wp-content\/uploads\/2020\/05\/Emdyex-Client-Logo-Junee-Lamb.jpg\" alt=\"\" \/>\n\t\t\t\t<\/a>\n\t\t\t\t\t\t\t\t\t\t\t\t\t\t<a href=\"https:\/\/www.emydex.com\/us\/customers\/wammco\/\" target=\"_self\" title=\"WAMMCO\">\n\t\t\t\t<img decoding=\"async\" src=\"https:\/\/www.emydex.com\/wp-content\/uploads\/2024\/04\/wammco.jpg\" alt=\"Wammco International\" \/>\n\t\t\t\t<\/a>\n\t\t\t\t\t\t\t\t\t\t\t\t\t\t<a href=\"https:\/\/www.emydex.com\/us\/customers\/harvey-beef\/\" target=\"_self\" title=\"Harvey Beef\">\n\t\t\t\t<img decoding=\"async\" src=\"https:\/\/www.emydex.com\/wp-content\/uploads\/2020\/06\/Emdyex-Client-Logo-Harvey-Beef.jpg\" alt=\"\" \/>\n\t\t\t\t<\/a>\n\t\t\t\t\t\t\t\t\t\t\t\t\t\t<a href=\"https:\/\/www.emydex.com\/us\/customers\/meliomar\/\" target=\"_self\" title=\"Meliomar\">\n\t\t\t\t<img decoding=\"async\" src=\"https:\/\/www.emydex.com\/wp-content\/uploads\/2020\/06\/emydex-customer-logo-meilomar.png\" alt=\"\" \/>\n\t\t\t\t<\/a>\n\t\t\t\t\t\t\t\t\t\t\t\t\t\t<a href=\"https:\/\/www.emydex.com\/us\/customers\/silver-fern-farms\/\" target=\"_self\" title=\"Silver Fern Farms\">\n\t\t\t\t<img decoding=\"async\" src=\"https:\/\/www.emydex.com\/wp-content\/uploads\/2020\/06\/Emdyex-Client-Logo-Silver-Fern-Farms.jpg\" alt=\"\" \/>\n\t\t\t\t<\/a>\n\t\t\t\t\t\t\t\t\t\t\t\t\t\t<a href=\"https:\/\/www.emydex.com\/us\/customers\/open-ocean\/\" target=\"_self\" title=\"Open Ocean\">\n\t\t\t\t<img decoding=\"async\" src=\"https:\/\/www.emydex.com\/wp-content\/uploads\/2022\/02\/Emdyex-Client-Logo-OpenOcean-1.jpg\" alt=\"\" \/>\n\t\t\t\t<\/a>\n\t\t\t\t\t\t\t\t\t\t\t\t\t\t<a href=\"https:\/\/www.emydex.com\/us\/customers\/central-agri-group\/\" target=\"_self\" title=\"Central Agri Group\">\n\t\t\t\t<img decoding=\"async\" src=\"https:\/\/www.emydex.com\/wp-content\/uploads\/2020\/05\/Emdyex-Client-Logo-Central-Agri-Group.png\" alt=\"\" \/>\n\t\t\t\t<\/a>\n<h6>\n\t\t\tOur News Updates\t<\/h6>\n<h2>\n\t\t\tAustralasian Market\t<\/h2>\n<h6>\n\t\t\tCareers\t<\/h6>\n<h2>\n\t\t\tWe are growing rapidly &#8211; Come join our team\t<\/h2>\n\t\t\t<a href=\"\/us\/careers-2\/\"  target=\"_self\">\n\t\t\t\t\t\t\tFind out more\n\t\t\t\t\t<\/a>\n\n","protected":false},"excerpt":{"rendered":"<p>Emydex New Zealand Sales, Implementation &amp; Support for Emydex Software Systems Trusted by Industry Leaders Emydex Technology is&#8230;<\/p>\n","protected":false},"author":5,"featured_media":0,"parent":11509,"menu_order":0,"comment_status":"closed","ping_status":"closed","template":"full_width.php","meta":{"inline_featured_image":false,"_genesis_hide_title":false,"_genesis_hide_breadcrumbs":false,"_genesis_hide_singular_image":false,"_genesis_hide_footer_widgets":false,"_genesis_custom_body_class":"","_genesis_custom_post_class":"","_genesis_layout":"","footnotes":""},"class_list":{"0":"post-11245","1":"page","2":"type-page","3":"status-publish","5":"entry"},"yoast_head":"<!-- This site is optimized with the Yoast SEO plugin v27.2 - https:\/\/yoast.com\/product\/yoast-seo-wordpress\/ -->\n<title>New Zealand | Our Markets | Emydex Software Solutions<\/title>\n<meta name=\"description\" content=\"New Zealand | Our Markets | Emydex Food Processing Software Solutions\" \/>\n<meta name=\"robots\" content=\"index, follow, max-snippet:-1, max-image-preview:large, max-video-preview:-1\" \/>\n<link rel=\"canonical\" href=\"https:\/\/www.emydex.com\/us\/our-markets\/new-zealand\/\" \/>\n<meta property=\"og:locale\" content=\"en_US\" \/>\n<meta property=\"og:type\" content=\"article\" \/>\n<meta property=\"og:title\" content=\"New Zealand | Our Markets | Emydex Software Solutions\" \/>\n<meta property=\"og:description\" content=\"New Zealand | Our Markets | Emydex Food Processing Software Solutions\" \/>\n<meta property=\"og:url\" content=\"https:\/\/www.emydex.com\/us\/our-markets\/new-zealand\/\" \/>\n<meta property=\"og:site_name\" content=\"Emydex\" \/>\n<meta property=\"article:publisher\" content=\"https:\/\/www.facebook.com\/Emydextechnology\" \/>\n<meta property=\"article:modified_time\" content=\"2026-04-02T15:39:07+00:00\" \/>\n<meta property=\"og:image\" content=\"https:\/\/www.emydex.com\/wp-content\/uploads\/2020\/09\/Emydex-NewZealand-flag.jpg\" \/>\n<meta name=\"twitter:card\" content=\"summary_large_image\" \/>\n<meta name=\"twitter:label1\" content=\"Est. reading time\" \/>\n\t<meta name=\"twitter:data1\" content=\"13 minutes\" \/>\n<script type=\"application\/ld+json\" class=\"yoast-schema-graph\">{\"@context\":\"https:\/\/schema.org\",\"@graph\":[{\"@type\":\"WebPage\",\"@id\":\"https:\/\/www.emydex.com\/us\/our-markets\/new-zealand\/\",\"url\":\"https:\/\/www.emydex.com\/us\/our-markets\/new-zealand\/\",\"name\":\"New Zealand | Our Markets | Emydex Software Solutions\",\"isPartOf\":{\"@id\":\"https:\/\/www.emydex.com\/us\/#website\"},\"primaryImageOfPage\":{\"@id\":\"https:\/\/www.emydex.com\/us\/our-markets\/new-zealand\/#primaryimage\"},\"image\":{\"@id\":\"https:\/\/www.emydex.com\/us\/our-markets\/new-zealand\/#primaryimage\"},\"thumbnailUrl\":\"https:\/\/www.emydex.com\/wp-content\/uploads\/2020\/09\/Emydex-NewZealand-flag.jpg\",\"datePublished\":\"2021-01-08T13:56:50+00:00\",\"dateModified\":\"2026-04-02T15:39:07+00:00\",\"description\":\"New Zealand | Our Markets | Emydex Food Processing Software Solutions\",\"breadcrumb\":{\"@id\":\"https:\/\/www.emydex.com\/us\/our-markets\/new-zealand\/#breadcrumb\"},\"inLanguage\":\"en-US\",\"potentialAction\":[{\"@type\":\"ReadAction\",\"target\":[\"https:\/\/www.emydex.com\/us\/our-markets\/new-zealand\/\"]}]},{\"@type\":\"ImageObject\",\"inLanguage\":\"en-US\",\"@id\":\"https:\/\/www.emydex.com\/us\/our-markets\/new-zealand\/#primaryimage\",\"url\":\"https:\/\/www.emydex.com\/wp-content\/uploads\/2020\/09\/Emydex-NewZealand-flag.jpg\",\"contentUrl\":\"https:\/\/www.emydex.com\/wp-content\/uploads\/2020\/09\/Emydex-NewZealand-flag.jpg\"},{\"@type\":\"BreadcrumbList\",\"@id\":\"https:\/\/www.emydex.com\/us\/our-markets\/new-zealand\/#breadcrumb\",\"itemListElement\":[{\"@type\":\"ListItem\",\"position\":1,\"name\":\"Home\",\"item\":\"https:\/\/www.emydex.com\/us\/\"},{\"@type\":\"ListItem\",\"position\":2,\"name\":\"Our Markets\",\"item\":\"https:\/\/www.emydex.com\/us\/our-markets\/\"},{\"@type\":\"ListItem\",\"position\":3,\"name\":\"New Zealand\"}]},{\"@type\":\"WebSite\",\"@id\":\"https:\/\/www.emydex.com\/us\/#website\",\"url\":\"https:\/\/www.emydex.com\/us\/\",\"name\":\"Emydex\",\"description\":\"Food Processing Software Solutions\",\"publisher\":{\"@id\":\"https:\/\/www.emydex.com\/us\/#organization\"},\"potentialAction\":[{\"@type\":\"SearchAction\",\"target\":{\"@type\":\"EntryPoint\",\"urlTemplate\":\"https:\/\/www.emydex.com\/us\/?s={search_term_string}\"},\"query-input\":{\"@type\":\"PropertyValueSpecification\",\"valueRequired\":true,\"valueName\":\"search_term_string\"}}],\"inLanguage\":\"en-US\"},{\"@type\":\"Organization\",\"@id\":\"https:\/\/www.emydex.com\/us\/#organization\",\"name\":\"Emydex Food Processing Solutions\",\"url\":\"https:\/\/www.emydex.com\/us\/\",\"logo\":{\"@type\":\"ImageObject\",\"inLanguage\":\"en-US\",\"@id\":\"https:\/\/www.emydex.com\/us\/#\/schema\/logo\/image\/\",\"url\":\"https:\/\/www.emydex.com\/wp-content\/uploads\/2021\/06\/emydex_logo_rgb_671x302.jpg\",\"contentUrl\":\"https:\/\/www.emydex.com\/wp-content\/uploads\/2021\/06\/emydex_logo_rgb_671x302.jpg\",\"width\":671,\"height\":302,\"caption\":\"Emydex Food Processing Solutions\"},\"image\":{\"@id\":\"https:\/\/www.emydex.com\/us\/#\/schema\/logo\/image\/\"},\"sameAs\":[\"https:\/\/www.facebook.com\/Emydextechnology\",\"https:\/\/www.linkedin.com\/company\/emydex-technology\/\"]}]}<\/script>\n<!-- \/ Yoast SEO plugin. -->","yoast_head_json":{"title":"New Zealand | Our Markets | Emydex Software Solutions","description":"New Zealand | Our Markets | Emydex Food Processing Software Solutions","robots":{"index":"index","follow":"follow","max-snippet":"max-snippet:-1","max-image-preview":"max-image-preview:large","max-video-preview":"max-video-preview:-1"},"canonical":"https:\/\/www.emydex.com\/us\/our-markets\/new-zealand\/","og_locale":"en_US","og_type":"article","og_title":"New Zealand | Our Markets | Emydex Software Solutions","og_description":"New Zealand | Our Markets | Emydex Food Processing Software Solutions","og_url":"https:\/\/www.emydex.com\/us\/our-markets\/new-zealand\/","og_site_name":"Emydex","article_publisher":"https:\/\/www.facebook.com\/Emydextechnology","article_modified_time":"2026-04-02T15:39:07+00:00","og_image":[{"url":"https:\/\/www.emydex.com\/wp-content\/uploads\/2020\/09\/Emydex-NewZealand-flag.jpg","type":"","width":"","height":""}],"twitter_card":"summary_large_image","twitter_misc":{"Est. reading time":"13 minutes"},"schema":{"@context":"https:\/\/schema.org","@graph":[{"@type":"WebPage","@id":"https:\/\/www.emydex.com\/us\/our-markets\/new-zealand\/","url":"https:\/\/www.emydex.com\/us\/our-markets\/new-zealand\/","name":"New Zealand | Our Markets | Emydex Software Solutions","isPartOf":{"@id":"https:\/\/www.emydex.com\/us\/#website"},"primaryImageOfPage":{"@id":"https:\/\/www.emydex.com\/us\/our-markets\/new-zealand\/#primaryimage"},"image":{"@id":"https:\/\/www.emydex.com\/us\/our-markets\/new-zealand\/#primaryimage"},"thumbnailUrl":"https:\/\/www.emydex.com\/wp-content\/uploads\/2020\/09\/Emydex-NewZealand-flag.jpg","datePublished":"2021-01-08T13:56:50+00:00","dateModified":"2026-04-02T15:39:07+00:00","description":"New Zealand | Our Markets | Emydex Food Processing Software Solutions","breadcrumb":{"@id":"https:\/\/www.emydex.com\/us\/our-markets\/new-zealand\/#breadcrumb"},"inLanguage":"en-US","potentialAction":[{"@type":"ReadAction","target":["https:\/\/www.emydex.com\/us\/our-markets\/new-zealand\/"]}]},{"@type":"ImageObject","inLanguage":"en-US","@id":"https:\/\/www.emydex.com\/us\/our-markets\/new-zealand\/#primaryimage","url":"https:\/\/www.emydex.com\/wp-content\/uploads\/2020\/09\/Emydex-NewZealand-flag.jpg","contentUrl":"https:\/\/www.emydex.com\/wp-content\/uploads\/2020\/09\/Emydex-NewZealand-flag.jpg"},{"@type":"BreadcrumbList","@id":"https:\/\/www.emydex.com\/us\/our-markets\/new-zealand\/#breadcrumb","itemListElement":[{"@type":"ListItem","position":1,"name":"Home","item":"https:\/\/www.emydex.com\/us\/"},{"@type":"ListItem","position":2,"name":"Our Markets","item":"https:\/\/www.emydex.com\/us\/our-markets\/"},{"@type":"ListItem","position":3,"name":"New Zealand"}]},{"@type":"WebSite","@id":"https:\/\/www.emydex.com\/us\/#website","url":"https:\/\/www.emydex.com\/us\/","name":"Emydex","description":"Food Processing Software Solutions","publisher":{"@id":"https:\/\/www.emydex.com\/us\/#organization"},"potentialAction":[{"@type":"SearchAction","target":{"@type":"EntryPoint","urlTemplate":"https:\/\/www.emydex.com\/us\/?s={search_term_string}"},"query-input":{"@type":"PropertyValueSpecification","valueRequired":true,"valueName":"search_term_string"}}],"inLanguage":"en-US"},{"@type":"Organization","@id":"https:\/\/www.emydex.com\/us\/#organization","name":"Emydex Food Processing Solutions","url":"https:\/\/www.emydex.com\/us\/","logo":{"@type":"ImageObject","inLanguage":"en-US","@id":"https:\/\/www.emydex.com\/us\/#\/schema\/logo\/image\/","url":"https:\/\/www.emydex.com\/wp-content\/uploads\/2021\/06\/emydex_logo_rgb_671x302.jpg","contentUrl":"https:\/\/www.emydex.com\/wp-content\/uploads\/2021\/06\/emydex_logo_rgb_671x302.jpg","width":671,"height":302,"caption":"Emydex Food Processing Solutions"},"image":{"@id":"https:\/\/www.emydex.com\/us\/#\/schema\/logo\/image\/"},"sameAs":["https:\/\/www.facebook.com\/Emydextechnology","https:\/\/www.linkedin.com\/company\/emydex-technology\/"]}]}},"_links":{"self":[{"href":"https:\/\/www.emydex.com\/us\/wp-json\/wp\/v2\/pages\/11245","targetHints":{"allow":["GET"]}}],"collection":[{"href":"https:\/\/www.emydex.com\/us\/wp-json\/wp\/v2\/pages"}],"about":[{"href":"https:\/\/www.emydex.com\/us\/wp-json\/wp\/v2\/types\/page"}],"author":[{"embeddable":true,"href":"https:\/\/www.emydex.com\/us\/wp-json\/wp\/v2\/users\/5"}],"replies":[{"embeddable":true,"href":"https:\/\/www.emydex.com\/us\/wp-json\/wp\/v2\/comments?post=11245"}],"version-history":[{"count":0,"href":"https:\/\/www.emydex.com\/us\/wp-json\/wp\/v2\/pages\/11245\/revisions"}],"up":[{"embeddable":true,"href":"https:\/\/www.emydex.com\/us\/wp-json\/wp\/v2\/pages\/11509"}],"wp:attachment":[{"href":"https:\/\/www.emydex.com\/us\/wp-json\/wp\/v2\/media?parent=11245"}],"curies":[{"name":"wp","href":"https:\/\/api.w.org\/{rel}","templated":true}]}}